{"id":1841,"date":"2018-05-11T16:01:58","date_gmt":"2018-05-11T14:01:58","guid":{"rendered":"http:\/\/www.risottodirk.de\/risottoblog\/?page_id=1841"},"modified":"2018-05-16T09:15:22","modified_gmt":"2018-05-16T07:15:22","slug":"datenschutz","status":"publish","type":"page","link":"https:\/\/www.risottodirk.de\/risottoblog\/datenschutz\/","title":{"rendered":"Datenschutz"},"content":{"rendered":"<h1>Datenschutzerkl\u00e4rung<\/h1>\n<p>Verantwortlich im Sinne der Datenschutzgesetze ist:<br \/>\n<a href=\"https:\/\/www.risottodirk.de\/risottoblog\/?page_id=132\">Dirk Brinker<\/a><br \/>\nHinter Lehen 46<br \/>\n71120 Grafenau<br \/>\nE-Mail: <a href=\"mailto:kontakt@risottodirk.de\">kontakt@risottodirk.de<\/a><\/p>\n<h2>Erfassung allgemeiner Informationen<\/h2>\n<p>Wenn Sie auf unsere Webseite zugreifen, werden automatisch Informationen allgemeiner Natur erfasst. Diese Informationen (Server-Logfiles) beinhalten etwa die Art des Webbrowsers, das verwendete Betriebssystem, den Domainnamen Ihres Internet Service Providers und \u00c4hnliches. Hierbei handelt es sich ausschlie\u00dflich um Informationen, welche keine R\u00fcckschl\u00fcsse auf Ihre Person zulassen. Diese Informationen sind technisch notwendig, um von Ihnen angeforderte Inhalte von Webseiten korrekt auszuliefern und fallen bei Nutzung des Internets zwingend an. Anonyme Informationen dieser Art werden von mir statistisch ausgewertet, um unseren Internetauftritt und die dahinterstehende Technik zu optimieren.<\/p>\n<h2>Cookies<\/h2>\n<p>Wie viele andere Webseiten verwende ich auch so genannte \u201eCookies\u201c. Cookies sind kleine Textdateien, die von einem Webseitenserver auf Ihre Festplatte \u00fcbertragen werden. Hierdurch erhalte ich automatisch bestimmte Daten wie z. B. IP-Adresse, verwendeter Browser, Betriebssystem \u00fcber Ihren Computer und Ihre Verbindung zum Internet.<\/p>\n<p>Cookies k\u00f6nnen nicht verwendet werden, um Programme zu starten oder Viren auf einen Computer zu \u00fcbertragen. Anhand der in Cookies enthaltenen Informationen kann ich Ihnen die Navigation erleichtern und die korrekte Anzeige meinen Webseiten erm\u00f6glichen.<\/p>\n<p>In keinem Fall werden die von mir erfassten Daten an Dritte weitergegeben oder ohne Ihre Einwilligung eine Verkn\u00fcpfung mit personenbezogenen Daten hergestellt.<\/p>\n<p>Nat\u00fcrlich k\u00f6nnen Sie meine Website grunds\u00e4tzlich auch ohne Cookies betrachten. Internet-Browser sind regelm\u00e4\u00dfig so eingestellt, dass sie Cookies akzeptieren. Sie k\u00f6nnen die Verwendung von Cookies jederzeit \u00fcber die Einstellungen Ihres Browsers deaktivieren. Bitte verwenden Sie die Hilfefunktionen Ihres Internetbrowsers, um zu erfahren, wie Sie diese Einstellungen \u00e4ndern k\u00f6nnen. Bitte beachten Sie, dass einzelne Funktionen meiner Website m\u00f6glicherweise nicht funktionieren, wenn Sie die Verwendung von Cookies deaktiviert haben.<\/p>\n<h2>SSL-Verschl\u00fcsselung<\/h2>\n<p>Um die Sicherheit Ihrer Daten bei der \u00dcbertragung zu sch\u00fctzen, verwende ich dem aktuellen Stand der Technik entsprechende Verschl\u00fcsselungsverfahren (z. B. SSL) \u00fcber HTTPS.<\/p>\n<h2>Kommentarfunktion<\/h2>\n<p>Wenn Nutzer Kommentare im Blog hinterlassen, werden neben diesen Angaben auch der Zeitpunkt ihrer Erstellung und der zuvor durch den Websitebesucher gew\u00e4hlte Nutzername, die angegebene E-Mail-Adress und, falls angegeben, die URL Ihrer Website gespeichert. Dies dient meiner Sicherheit, da wir f\u00fcr widerrechtliche Inhalte auf unserer Webseite belangt werden k\u00f6nnen, auch wenn diese durch Benutzer erstellt wurden.<\/p>\n<h2>Verwendung von Scriptbibliotheken (Google Webfonts)<\/h2>\n<p>Um unsere Inhalte browser\u00fcbergreifend korrekt und grafisch ansprechend darzustellen, verwenden wir auf dieser Website Scriptbibliotheken und Schriftbibliotheken wie z. B. Google Webfonts (<a href=\"http:\/\/www.google.com\/webfonts\/\">https:\/\/www.google.com\/webfonts\/<\/a>). Google Webfonts werden zur Vermeidung mehrfachen Ladens in den Cache Ihres Browsers \u00fcbertragen. Falls der Browser die Google Webfonts nicht unterst\u00fctzt oder den Zugriff unterbindet, werden Inhalte in einer Standardschrift angezeigt.<\/p>\n<p>Der Aufruf von Scriptbibliotheken oder Schriftbibliotheken l\u00f6st automatisch eine Verbindung zum Betreiber der Bibliothek aus. Dabei ist es theoretisch m\u00f6glich \u2013 aktuell allerdings auch unklar ob und ggf. zu welchen Zwecken \u2013 dass Betreiber entsprechender Bibliotheken Daten erheben.<\/p>\n<p>Die Datenschutzrichtlinie des Bibliothekbetreibers Google finden Sie hier: <a href=\"https:\/\/www.google.com\/policies\/privacy\/\">https:\/\/www.google.com\/policies\/privacy\/<\/a><\/p>\n<p><!--\n\n\n<h2>Verwendung von Adobe Typekit<\/h2>\n\n\nIch setze Adobe Typekit zur visuellen Gestaltung unserer Website ein. Typekit ist ein Dienst der Adobe Systems Software Ireland Ltd. der uns den Zugriff auf eine Schriftartenbibliothek gew\u00e4hrt. Zur Einbindung der von uns benutzten Schriftarten, muss Ihr Browser eine Verbindung zu einem Server von Adobe in den USA aufbauen und die f\u00fcr meine Website ben\u00f6tigte Schriftart herunterladen. Adobe erh\u00e4lt hierdurch die Information, dass von Ihrer IP-Adresse meine Website aufgerufen wurde. Weitere Informationen zu Adobe Typekit finden Sie in den Datenschutzhinweisen von Adobe, die Sie hier abrufen k\u00f6nnen: <a href=\"http:\/\/www.adobe.com\/privacy\/typekit.html\">www.adobe.com\/privacy\/typekit.html<\/a>\n--><\/p>\n<h2>Eingebettete Soundcloud-Musik<\/h2>\n<p>Auf einigen meiner Webseiten bette ich Musik vom Soundcloud-Server ein. Betreiber der entsprechenden Plugins ist SoundCloud Limited, Rheinsberger Str. 76\/77, 10115 Berlin, Telefon: +49 30 467 247 600. Wenn Sie eine Seite mit dem Soundcloud-Plugin besuchen, wird eine Verbindung zu Servern von Soundcloud hergestellt. Dabei wird Soundcloud mitgeteilt, welche Seiten Sie besuchen. Wenn Sie in Ihrem Soundcloud-Account eingeloggt sind, kann Soundcloud Ihr Surfverhalten Ihnen pers\u00f6nlich zuzuordnen. Dies verhindern Sie, indem Sie sich vorher aus Ihrem Soundcloud-Account ausloggen.<\/p>\n<p>Wird ein Soundcloud-Widget gestartet, setzt der Anbieter Cookies ein, die Hinweise \u00fcber das Nutzerverhalten sammeln.<\/p>\n<p>Weitere Informationen zum Datenschutz bei \u201eSoundcloud\u201c finden Sie in der Datenschutzerkl\u00e4rung des Anbieters unter:\u00a0<a href=\"https:\/\/soundcloud.com\/pages\/privacy\">https:\/\/soundcloud.com\/pages\/privacy<\/a><\/p>\n<h2>Ihre Rechte auf Auskunft, Berichtigung, Sperre, L\u00f6schung und Widerspruch<\/h2>\n<p>Sie haben das Recht, jederzeit Auskunft \u00fcber Ihre bei mir gespeicherten personenbezogenen Daten zu erhalten. Ebenso haben Sie das Recht auf Berichtigung, Sperrung oder, abgesehen von der vorgeschriebenen Datenspeicherung zur Gesch\u00e4ftsabwicklung, L\u00f6schung Ihrer personenbezogenen Daten. Bitte wenden Sie sich dazu an mich. Die Kontaktdaten finden Sie ganz unten.<\/p>\n<p>Damit eine Sperre von Daten jederzeit ber\u00fccksichtigt werden kann, m\u00fcssen diese Daten zu Kontrollzwecken in einer Sperrdatei vorgehalten werden. Sie k\u00f6nnen auch die L\u00f6schung der Daten verlangen, soweit keine gesetzliche Archivierungsverpflichtung besteht. Soweit eine solche Verpflichtung besteht, sperre\u00a0ich Ihre Daten auf Wunsch.<\/p>\n<p>Sie k\u00f6nnen \u00c4nderungen oder den Widerruf einer Einwilligung durch entsprechende Mitteilung an uns mit Wirkung f\u00fcr die Zukunft vornehmen.<\/p>\n<h2>\u00c4nderung der Datenschutzbestimmungen<\/h2>\n<p>Ich behalte mir vor, diese Datenschutzerkl\u00e4rung gelegentlich anzupassen, damit sie stets den aktuellen rechtlichen Anforderungen entspricht oder um \u00c4nderungen unserer Leistungen in der Datenschutzerkl\u00e4rung umzusetzen, z. B. bei der Einf\u00fchrung neuer Services. F\u00fcr Ihren erneuten Besuch gilt dann die neue Datenschutzerkl\u00e4rung.<\/p>\n<p><em>Die Datenschutzerkl\u00e4rung wurde mit dem <\/em><a href=\"https:\/\/www.activemind.de\/datenschutz\/datenschutzhinweis-generator\/\"><em>Datenschutzerkl\u00e4rungs-Generator der activeMind AG erstellt<\/em><\/a><em>.<\/em><\/p>\n","protected":false},"excerpt":{"rendered":"<p>Datenschutzerkl\u00e4rung Verantwortlich im Sinne der Datenschutzgesetze ist: Dirk Brinker Hinter Lehen 46 71120 Grafenau E-Mail: kontakt@risottodirk.de Erfassung allgemeiner Informationen Wenn Sie auf unsere Webseite zugreifen, werden automatisch Informationen&#8230;<\/p>\n","protected":false},"author":1,"featured_media":0,"parent":0,"menu_order":0,"comment_status":"closed","ping_status":"closed","template":"","meta":{"footnotes":""},"class_list":["post-1841","page","type-page","status-publish","hentry"],"_links":{"self":[{"href":"https:\/\/www.risottodirk.de\/risottoblog\/wp-json\/wp\/v2\/pages\/1841","targetHints":{"allow":["GET"]}}],"collection":[{"href":"https:\/\/www.risottodirk.de\/risottoblog\/wp-json\/wp\/v2\/pages"}],"about":[{"href":"https:\/\/www.risottodirk.de\/risottoblog\/wp-json\/wp\/v2\/types\/page"}],"author":[{"embeddable":true,"href":"https:\/\/www.risottodirk.de\/risottoblog\/wp-json\/wp\/v2\/users\/1"}],"replies":[{"embeddable":true,"href":"https:\/\/www.risottodirk.de\/risottoblog\/wp-json\/wp\/v2\/comments?post=1841"}],"version-history":[{"count":21,"href":"https:\/\/www.risottodirk.de\/risottoblog\/wp-json\/wp\/v2\/pages\/1841\/revisions"}],"predecessor-version":[{"id":1883,"href":"https:\/\/www.risottodirk.de\/risottoblog\/wp-json\/wp\/v2\/pages\/1841\/revisions\/1883"}],"wp:attachment":[{"href":"https:\/\/www.risottodirk.de\/risottoblog\/wp-json\/wp\/v2\/media?parent=1841"}],"curies":[{"name":"wp","href":"https:\/\/api.w.org\/{rel}","templated":true}]}}